{"id":4616,"date":"2026-02-10T15:49:10","date_gmt":"2026-02-10T14:49:10","guid":{"rendered":"http:\/\/military.lazer.at\/?page_id=4616"},"modified":"2026-02-12T19:54:53","modified_gmt":"2026-02-12T18:54:53","slug":"impressum","status":"publish","type":"page","link":"https:\/\/military.lazer.at\/en\/impressum\/","title":{"rendered":"Legal Notice"},"content":{"rendered":"<div data-elementor-type=\"wp-page\" data-elementor-id=\"4616\" class=\"elementor elementor-4616\" data-elementor-post-type=\"page\">\n\t\t\t\t<div class=\"elementor-element elementor-element-e8869ef e-flex e-con-boxed e-con e-parent\" data-id=\"e8869ef\" data-element_type=\"container\" data-e-type=\"container\">\n\t\t\t\t\t<div class=\"e-con-inner\">\n\t\t\t\t<div class=\"elementor-element elementor-element-a1a45cf elementor-widget elementor-widget-text-editor\" data-id=\"a1a45cf\" data-element_type=\"widget\" data-e-type=\"widget\" data-widget_type=\"text-editor.default\">\n\t\t\t\t<div class=\"elementor-widget-container\">\n\t\t\t\t\t\t\t\t\t<p><strong>Offenlegung gem\u00e4\u00df \u00a7 25 Mediengesetz:<\/strong><\/p><p><strong>Medieninhaber, Herausgeber und Eigent\u00fcmer:<\/strong><\/p><p>OeProMa GmbH<\/p><p><strong>Webdesign by<\/strong><\/p><p><a href=\"https:\/\/www.webanton.at\/\">WEB ANTON<\/a><\/p><p><strong>Adresse &amp; Kontakt:<\/strong><\/p><p>S\u00f6rgerberg 17, 9556 Liebenfels, \u00d6sterreich<br \/><br \/>Offizielle E-Mail: <a href=\"mailto:info@oeproma.at\">info@oeproma.at<\/a><\/p><p>Kundenkontakt E-Mail: <a href=\"mailto:t.eder-klemenjak@oeproma.at\">t.eder-klemenjak@oeproma.at<\/a><\/p><p><strong>Zust\u00e4ndige Kammer:<\/strong><br \/>Wirtschaftskammer K\u00e4rnten | Fachgruppe: Planung, Beratung und Umsetzung von Projekten und Events | UID-Nummer: <span data-519f0521-8bf1-4ba2-911a-d436d75f2e57-7=\"true\">ATU 69199459<\/span><\/p><p><strong>Aufsichtsbeh\u00f6rde:<\/strong><br \/>BH St.Veit an der Glan<\/p>\t\t\t\t\t\t\t\t<\/div>\n\t\t\t\t<\/div>\n\t\t\t\t\t<\/div>\n\t\t\t\t<\/div>\n\t\t\t\t<\/div>","protected":false},"excerpt":{"rendered":"<p>Offenlegung gem\u00e4\u00df \u00a7 25 Mediengesetz: Medieninhaber, Herausgeber und Eigent\u00fcmer: OeProMa GmbH Webdesign by WEB ANTON Adresse &amp; Kontakt: S\u00f6rgerberg 17, 9556 Liebenfels, \u00d6sterreich Offizielle E-Mail: info@oeproma.at Kundenkontakt E-Mail: t.eder-klemenjak@oeproma.at Zust\u00e4ndige Kammer:Wirtschaftskammer K\u00e4rnten | Fachgruppe: Planung, Beratung und Umsetzung von Projekten und Events | UID-Nummer: ATU 69199459 Aufsichtsbeh\u00f6rde:BH St.Veit an der Glan<\/p>","protected":false},"author":1,"featured_media":0,"parent":0,"menu_order":0,"comment_status":"closed","ping_status":"closed","template":"","meta":{"footnotes":""},"class_list":["post-4616","page","type-page","status-publish","hentry"],"_links":{"self":[{"href":"https:\/\/military.lazer.at\/en\/wp-json\/wp\/v2\/pages\/4616","targetHints":{"allow":["GET"]}}],"collection":[{"href":"https:\/\/military.lazer.at\/en\/wp-json\/wp\/v2\/pages"}],"about":[{"href":"https:\/\/military.lazer.at\/en\/wp-json\/wp\/v2\/types\/page"}],"author":[{"embeddable":true,"href":"https:\/\/military.lazer.at\/en\/wp-json\/wp\/v2\/users\/1"}],"replies":[{"embeddable":true,"href":"https:\/\/military.lazer.at\/en\/wp-json\/wp\/v2\/comments?post=4616"}],"version-history":[{"count":0,"href":"https:\/\/military.lazer.at\/en\/wp-json\/wp\/v2\/pages\/4616\/revisions"}],"wp:attachment":[{"href":"https:\/\/military.lazer.at\/en\/wp-json\/wp\/v2\/media?parent=4616"}],"curies":[{"name":"wp","href":"https:\/\/api.w.org\/{rel}","templated":true}]}}